{"id":96105,"date":"2025-08-05T15:46:32","date_gmt":"2025-08-05T13:46:32","guid":{"rendered":"https:\/\/steitzsecura.com\/smc\/"},"modified":"2026-01-06T17:37:56","modified_gmt":"2026-01-06T16:37:56","slug":"smc","status":"publish","type":"page","link":"https:\/\/steitzsecura.com\/en\/smc\/","title":{"rendered":"SMC"},"content":{"rendered":"\t\t<div data-elementor-type=\"wp-page\" data-elementor-id=\"96105\" class=\"elementor elementor-96105 elementor-87552\" data-elementor-post-type=\"page\">\n\t\t\t\t\t\t<section class=\"elementor-section elementor-top-section elementor-element elementor-element-a343e39 elementor-section-boxed elementor-section-height-default elementor-section-height-default\" data-id=\"a343e39\" data-element_type=\"section\" data-e-type=\"section\" data-settings=\"{&quot;background_background&quot;:&quot;classic&quot;}\">\n\t\t\t\t\t\t<div class=\"elementor-container elementor-column-gap-default\">\n\t\t\t\t\t<div class=\"elementor-column elementor-col-100 elementor-top-column elementor-element elementor-element-8800179\" data-id=\"8800179\" data-element_type=\"column\" data-e-type=\"column\">\n\t\t\t<div class=\"elementor-widget-wrap elementor-element-populated\">\n\t\t\t\t\t\t<div class=\"elementor-element elementor-element-2dbf560 elementor-widget elementor-widget-heading\" data-id=\"2dbf560\" data-element_type=\"widget\" data-e-type=\"widget\" data-widget_type=\"heading.default\">\n\t\t\t\t\t<h1 class=\"elementor-heading-title elementor-size-default\">Secura Meta Cover<\/h1>\t\t\t\t<\/div>\n\t\t\t\t\t<\/div>\n\t\t<\/div>\n\t\t\t\t\t<\/div>\n\t\t<\/section>\n\t\t<div class=\"elementor-element elementor-element-3f9a78c e-flex e-con-boxed e-con e-parent\" data-id=\"3f9a78c\" data-element_type=\"container\" data-e-type=\"container\" data-settings=\"{&quot;background_background&quot;:&quot;classic&quot;}\">\n\t\t\t\t\t<div class=\"e-con-inner\">\n\t\t\t\t<div class=\"elementor-element elementor-element-b62be92 elementor-widget elementor-widget-heading\" data-id=\"b62be92\" data-element_type=\"widget\" data-e-type=\"widget\" data-widget_type=\"heading.default\">\n\t\t\t\t\t<h3 class=\"elementor-heading-title elementor-size-default\">Intelligent protection for the midfoot<\/h3>\t\t\t\t<\/div>\n\t\t\t\t<div class=\"elementor-element elementor-element-12b94c7 elementor-widget elementor-widget-spacer\" data-id=\"12b94c7\" data-element_type=\"widget\" data-e-type=\"widget\" data-widget_type=\"spacer.default\">\n\t\t\t\t\t\t\t<div class=\"elementor-spacer\">\n\t\t\t<div class=\"elementor-spacer-inner\"><\/div>\n\t\t<\/div>\n\t\t\t\t\t\t<\/div>\n\t\t\t\t<div class=\"elementor-element elementor-element-7af48bc elementor-widget elementor-widget-heading\" data-id=\"7af48bc\" data-element_type=\"widget\" data-e-type=\"widget\" data-widget_type=\"heading.default\">\n\t\t\t\t\t<h3 class=\"elementor-heading-title elementor-size-default\">Toe caps protect the toes. The construction of the shoe protects the ankle. But what protects the sensitive midfoot?<\/h3>\t\t\t\t<\/div>\n\t\t\t\t<div class=\"elementor-element elementor-element-47c1023 elementor-widget elementor-widget-heading\" data-id=\"47c1023\" data-element_type=\"widget\" data-e-type=\"widget\" data-widget_type=\"heading.default\">\n\t\t\t\t\t<h3 class=\"elementor-heading-title elementor-size-default\">The SECURA META COVER \u2013 short: SMC \u2013 was developed precisely for this purpose. <\/h3>\t\t\t\t<\/div>\n\t\t\t\t<div class=\"elementor-element elementor-element-3820e29 elementor-widget elementor-widget-heading\" data-id=\"3820e29\" data-element_type=\"widget\" data-e-type=\"widget\" data-widget_type=\"heading.default\">\n\t\t\t\t\t<h3 class=\"elementor-heading-title elementor-size-default\">An innovative protection module from STEITZ SECURA - <br>especially for our safety shoes.<\/h3>\t\t\t\t<\/div>\n\t\t\t\t\t<\/div>\n\t\t\t\t<\/div>\n\t\t<div class=\"elementor-element elementor-element-5636913 e-flex e-con-boxed e-con e-parent\" data-id=\"5636913\" data-element_type=\"container\" data-e-type=\"container\">\n\t\t\t\t\t<div class=\"e-con-inner\">\n\t\t\t\t<div class=\"elementor-element elementor-element-3da9737 elementor-widget elementor-widget-text-editor\" data-id=\"3da9737\" data-element_type=\"widget\" data-e-type=\"widget\" data-widget_type=\"text-editor.default\">\n\t\t\t\t\t\t\t\t\t<p><span style=\"font-family: Barlow Condensed, serif;\"><span style=\"font-size: medium;\"><span lang=\"en-US\">The integrated SMC consists of open-pored, breathable memory foam with an intelligent grid structure. Barely noticeable in everyday life, it really comes into its own in an emergency: <\/span><\/span><\/span><span style=\"font-family: Barlow Condensed, serif;\"><span style=\"font-size: medium;\"><span lang=\"en-US\">In the event of impact or pressure &#8211; for example from falling objects &#8211; the structure hardens in a flash and reliably protects the midfoot.<\/span><\/span><\/span><\/p>\n\t\t\t\t\t\t\t\t<\/div>\n\t\t<div class=\"elementor-element elementor-element-e1835f2 e-con-full e-flex e-con e-child\" data-id=\"e1835f2\" data-element_type=\"container\" data-e-type=\"container\">\n\t\t<div class=\"elementor-element elementor-element-cfbbb58 e-con-full e-flex e-con e-child\" data-id=\"cfbbb58\" data-element_type=\"container\" data-e-type=\"container\">\n\t\t\t\t<div class=\"elementor-element elementor-element-4a36714 elementor-invisible elementor-widget elementor-widget-text-editor\" data-id=\"4a36714\" data-element_type=\"widget\" data-e-type=\"widget\" data-settings=\"{&quot;_animation&quot;:&quot;slideInLeft&quot;}\" data-widget_type=\"text-editor.default\">\n\t\t\t\t\t\t\t\t\t<p><span style=\"font-family: Barlow Condensed, serif;\"><span style=\"font-size: medium;\"><span lang=\"en-US\"><b>Light. Unobtrusive. Effective.<\/b><\/span><\/span><\/span><span style=\"font-family: Barlow Condensed, serif;\"><span style=\"font-size: medium;\"><span lang=\"en-US\"><br \/>\nSECURA META COVER \u2013 because full foot protection is more than just toes. <\/span><\/span><\/span><\/p>\n\t\t\t\t\t\t\t\t<\/div>\n\t\t\t\t<div class=\"elementor-element elementor-element-d378722 elementor-invisible elementor-widget elementor-widget-text-editor\" data-id=\"d378722\" data-element_type=\"widget\" data-e-type=\"widget\" data-settings=\"{&quot;_animation&quot;:&quot;slideInLeft&quot;}\" data-widget_type=\"text-editor.default\">\n\t\t\t\t\t\t\t\t\t<p>Absorbs up to 90% of the energy generated during impact<\/p>\n\t\t\t\t\t\t\t\t<\/div>\n\t\t\t\t<div class=\"elementor-element elementor-element-05334b0 elementor-widget-divider--view-line elementor-invisible elementor-widget elementor-widget-divider\" data-id=\"05334b0\" data-element_type=\"widget\" data-e-type=\"widget\" data-settings=\"{&quot;_animation&quot;:&quot;slideInLeft&quot;}\" data-widget_type=\"divider.default\">\n\t\t\t\t\t\t\t<div class=\"elementor-divider\">\n\t\t\t<span class=\"elementor-divider-separator\">\n\t\t\t\t\t\t<\/span>\n\t\t<\/div>\n\t\t\t\t\t\t<\/div>\n\t\t\t\t<div class=\"elementor-element elementor-element-d1d718c elementor-invisible elementor-widget elementor-widget-text-editor\" data-id=\"d1d718c\" data-element_type=\"widget\" data-e-type=\"widget\" data-settings=\"{&quot;_animation&quot;:&quot;slideInLeft&quot;}\" data-widget_type=\"text-editor.default\">\n\t\t\t\t\t\t\t\t\t<p>Efficient midfoot protection in every situation<\/p>\n\t\t\t\t\t\t\t\t<\/div>\n\t\t\t\t<div class=\"elementor-element elementor-element-6be2a9c elementor-widget-divider--view-line elementor-invisible elementor-widget elementor-widget-divider\" data-id=\"6be2a9c\" data-element_type=\"widget\" data-e-type=\"widget\" data-settings=\"{&quot;_animation&quot;:&quot;slideInLeft&quot;}\" data-widget_type=\"divider.default\">\n\t\t\t\t\t\t\t<div class=\"elementor-divider\">\n\t\t\t<span class=\"elementor-divider-separator\">\n\t\t\t\t\t\t<\/span>\n\t\t<\/div>\n\t\t\t\t\t\t<\/div>\n\t\t\t\t<div class=\"elementor-element elementor-element-59b1cbb elementor-invisible elementor-widget elementor-widget-text-editor\" data-id=\"59b1cbb\" data-element_type=\"widget\" data-e-type=\"widget\" data-settings=\"{&quot;_animation&quot;:&quot;slideInLeft&quot;}\" data-widget_type=\"text-editor.default\">\n\t\t\t\t\t\t\t\t\t<p>Flexible and featherlight for greater comfort<\/p>\n\t\t\t\t\t\t\t\t<\/div>\n\t\t\t\t<div class=\"elementor-element elementor-element-40c1926 elementor-widget-divider--view-line elementor-invisible elementor-widget elementor-widget-divider\" data-id=\"40c1926\" data-element_type=\"widget\" data-e-type=\"widget\" data-settings=\"{&quot;_animation&quot;:&quot;slideInLeft&quot;}\" data-widget_type=\"divider.default\">\n\t\t\t\t\t\t\t<div class=\"elementor-divider\">\n\t\t\t<span class=\"elementor-divider-separator\">\n\t\t\t\t\t\t<\/span>\n\t\t<\/div>\n\t\t\t\t\t\t<\/div>\n\t\t\t\t<div class=\"elementor-element elementor-element-83b719d elementor-invisible elementor-widget elementor-widget-text-editor\" data-id=\"83b719d\" data-element_type=\"widget\" data-e-type=\"widget\" data-settings=\"{&quot;_animation&quot;:&quot;slideInLeft&quot;}\" data-widget_type=\"text-editor.default\">\n\t\t\t\t\t\t\t\t\t<p>No material fatigue thanks to open-cell technology<\/p>\n\t\t\t\t\t\t\t\t<\/div>\n\t\t\t\t<div class=\"elementor-element elementor-element-ab03998 elementor-widget-divider--view-line elementor-invisible elementor-widget elementor-widget-divider\" data-id=\"ab03998\" data-element_type=\"widget\" data-e-type=\"widget\" data-settings=\"{&quot;_animation&quot;:&quot;slideInLeft&quot;}\" data-widget_type=\"divider.default\">\n\t\t\t\t\t\t\t<div class=\"elementor-divider\">\n\t\t\t<span class=\"elementor-divider-separator\">\n\t\t\t\t\t\t<\/span>\n\t\t<\/div>\n\t\t\t\t\t\t<\/div>\n\t\t\t\t<\/div>\n\t\t<div class=\"elementor-element elementor-element-9eda218 e-con-full e-flex e-con e-child\" data-id=\"9eda218\" data-element_type=\"container\" data-e-type=\"container\" data-settings=\"{&quot;background_background&quot;:&quot;classic&quot;}\">\n\t\t\t\t<\/div>\n\t\t\t\t<\/div>\n\t\t\t\t<div class=\"elementor-element elementor-element-431f06a elementor-widget elementor-widget-spacer\" data-id=\"431f06a\" data-element_type=\"widget\" data-e-type=\"widget\" data-widget_type=\"spacer.default\">\n\t\t\t\t\t\t\t<div class=\"elementor-spacer\">\n\t\t\t<div class=\"elementor-spacer-inner\"><\/div>\n\t\t<\/div>\n\t\t\t\t\t\t<\/div>\n\t\t\t\t<div class=\"elementor-element elementor-element-59c2013 elementor-widget elementor-widget-video\" data-id=\"59c2013\" data-element_type=\"widget\" data-e-type=\"widget\" data-settings=\"{&quot;video_type&quot;:&quot;hosted&quot;,&quot;controls&quot;:&quot;yes&quot;}\" data-widget_type=\"video.default\">\n\t\t\t\t\t\t\t<div class=\"e-hosted-video elementor-wrapper elementor-open-inline\">\n\t\t\t\t\t<video class=\"elementor-video\" src=\"https:\/\/steitzsecura.com\/wp-content\/uploads\/2025\/08\/sss_smc_16-9-v01_1.mp4\" controls=\"\" preload=\"metadata\" controlsList=\"nodownload\"><\/video>\n\t\t\t\t<\/div>\n\t\t\t\t\t\t<\/div>\n\t\t\t\t\t<\/div>\n\t\t\t\t<\/div>\n\t\t\t\t<\/div>\n\t\t","protected":false},"excerpt":{"rendered":"<p>Secura Meta Cover Intelligent protection for the midfoot Toe caps protect the toes. The construction of the shoe protects the ankle. But what protects the sensitive midfoot? The SECURA META COVER \u2013 short: SMC \u2013 was developed precisely for this purpose. An innovative protection module from STEITZ SECURA &#8211; especially for our safety shoes. The [&hellip;]<\/p>\n","protected":false},"author":9,"featured_media":0,"parent":0,"menu_order":0,"comment_status":"closed","ping_status":"closed","template":"elementor_header_footer","meta":{"_acf_changed":false,"_seopress_robots_primary_cat":"","_seopress_titles_title":"SMC","_seopress_titles_desc":"Bei Ihrer Arbeit gibt es ein erh\u00f6htes Risiko f\u00fcr Verletzungen durch herabfallende Gegenst\u00e4nde? Dann bieten Ihnen unsere SMC-Schuhe mit Mittelfu\u00dfprotektor besonderen Schutz und Komfort. Der leichte und extrem flexible Protektor gew\u00e4hrleistet mit seinem offenporigen Memory-Schaum einen effektiven Aufprallschutz f\u00fcr den Mittelfu\u00dfbereich.","_seopress_robots_index":"","footnotes":""},"class_list":["post-96105","page","type-page","status-publish"],"acf":[],"_links":{"self":[{"href":"https:\/\/steitzsecura.com\/en\/wp-json\/wp\/v2\/pages\/96105","targetHints":{"allow":["GET"]}}],"collection":[{"href":"https:\/\/steitzsecura.com\/en\/wp-json\/wp\/v2\/pages"}],"about":[{"href":"https:\/\/steitzsecura.com\/en\/wp-json\/wp\/v2\/types\/page"}],"author":[{"embeddable":true,"href":"https:\/\/steitzsecura.com\/en\/wp-json\/wp\/v2\/users\/9"}],"replies":[{"embeddable":true,"href":"https:\/\/steitzsecura.com\/en\/wp-json\/wp\/v2\/comments?post=96105"}],"version-history":[{"count":5,"href":"https:\/\/steitzsecura.com\/en\/wp-json\/wp\/v2\/pages\/96105\/revisions"}],"predecessor-version":[{"id":110100,"href":"https:\/\/steitzsecura.com\/en\/wp-json\/wp\/v2\/pages\/96105\/revisions\/110100"}],"wp:attachment":[{"href":"https:\/\/steitzsecura.com\/en\/wp-json\/wp\/v2\/media?parent=96105"}],"curies":[{"name":"wp","href":"https:\/\/api.w.org\/{rel}","templated":true}]}}